{"id":456,"date":"2019-03-28T16:18:50","date_gmt":"2019-03-28T15:18:50","guid":{"rendered":"https:\/\/benjaminwittstock.de\/?page_id=456"},"modified":"2023-09-21T22:59:16","modified_gmt":"2023-09-21T20:59:16","slug":"charity-die-obolevicius-stiftung","status":"publish","type":"page","link":"https:\/\/honorarkonsul-litauen.de\/?page_id=456","title":{"rendered":"Charity: die Obolevicius Stiftung"},"content":{"rendered":"\n<p><strong>Seit 2013 ist Honorarkonsul a.D. Benjamin Wittstock Pr\u00e4sident der Obolevicius-Stiftung.<\/strong><\/p>\n\n\n\n<p><a href=\"http:\/\/www.obolevicius-stiftung.de\" target=\"_blank\" rel=\"noreferrer noopener\" aria-label=\" (\u00f6ffnet in neuem Tab)\">Internet: http:\/\/obolevicius-stiftung.de<\/a><\/p>\n\n\n\n<hr class=\"wp-block-separator has-css-opacity\"\/>\n\n\n\n<h2>Engagement<\/h2>\n\n\n\n<p><\/p>\n\n\n\n<p>Im Oktober 2015 erwarb die Stiftung nach mehreren Gespr\u00e4chen mit der  Caritas des kath. Erzbistums Vilnius, dem Erzbischof von Vilnius  Gintaras Gru\u0161as und Besuchen in der Region ein Haus aus den 1950er  Jahren im Zentrum des St\u00e4dtchens Svencioneliai. In diesem sollte das  Kindertageszentrum \u201eSypsenele\u201c unterkommen, das vorher keine eigenen  R\u00e4umlichkeiten hatte. Dieses Haus befindet sich direkt gegen\u00fcber der  Kirche des Hl. Edvardas und wurde auf die Bed\u00fcrfnisse der Kinder und  Jugendlichen hin innen umgebaut.<\/p>\n\n\n\n<div style=\"height:22px\" aria-hidden=\"true\" class=\"wp-block-spacer\"><\/div>\n\n\n\n<h2>Spenden<\/h2>\n\n\n\n<p><\/p>\n\n\n\n<p>Im Mittelpunkt der Stiftung steht die F\u00f6rderung des  Caritas-Kinderzentrums \u201eSypsenele\u201c in Svencioneliai, Litauen, einem der  \u00e4rmsten Landkreise Litauens an der EU Au\u00dfengrenze zu Wei\u00dfrussland. Die  beiden Vertreter der Stiftung haben viele Jahre Erfahrung in und mit  Litauen, neben Honorarkonsul a.D. Benjamin Wittstock ist das Pater Dr. Gerd  Birk (SVD), Pfarrer der litauischen Gemeinschaft in M\u00fcnchen. Sie  erf\u00fcllen die Stiftung mit Leben, verwalten das Stiftungsverm\u00f6gen und  verwirklichen die Ziele der Stiftung in Litauen. Zweck ist die F\u00f6rderung  von sozialem und kirchlichem Engagement in der Jugendbildung im Kreis  Ignalina und Umgebung. Der Geburtsort des Stifters Edmund Obolevi\u010dius im  Nordosten von Litauen hat den Ausschlag f\u00fcr das Engagement in dieser  Region gegeben.<\/p>\n\n\n\n<p>Die Sonja und Edmund Obolevi\u010dius \u2013 Stiftung ist eine gemeinn\u00fctzige, \nunmittelbar operative, rechtsf\u00e4hige Stiftung. Die F\u00f6rderung von \nProjekten erfolgt ausschlie\u00dflich aus Spenden und aus Kapitalertrag. Alle\n Spenden sind steuerlich absetzbar, denn Spenden gelten als \nSonderausgaben und k\u00f6nnen das zu versteuernde Einkommen mindern.<\/p>\n\n\n\n<p>Stiftungsaufsicht: Regierung von Niederbayern<\/p>\n\n\n\n<h2>Spendenkonto bei der DAB Bank:<\/h2>\n\n\n\n<h4>IBAN: DE24 7012 0400 3283 0840 06<br>BIC: DABBDEMMXXX<\/h4>\n","protected":false},"excerpt":{"rendered":"<p>Seit 2013 ist Honorarkonsul a.D. Benjamin Wittstock Pr\u00e4sident der Obolevicius-Stiftung. Internet: http:\/\/obolevicius-stiftung.de Engagement Im Oktober 2015 erwarb die Stiftung nach mehreren Gespr\u00e4chen mit der Caritas des kath. Erzbistums Vilnius, dem Erzbischof von Vilnius Gintaras Gru\u0161as und Besuchen in der Region&hellip; <\/p>\n","protected":false},"author":1,"featured_media":0,"parent":0,"menu_order":0,"comment_status":"closed","ping_status":"closed","template":"","meta":[],"yoast_head":"<!-- This site is optimized with the Yoast SEO plugin v19.13 - https:\/\/yoast.com\/wordpress\/plugins\/seo\/ -->\n<title>Charity: die Obolevicius Stiftung - Benjamin Wittstock<\/title>\n<meta name=\"robots\" content=\"index, follow, max-snippet:-1, max-image-preview:large, max-video-preview:-1\" \/>\n<link rel=\"canonical\" href=\"https:\/\/honorarkonsul-litauen.de\/?page_id=456\" \/>\n<meta property=\"og:locale\" content=\"de_DE\" \/>\n<meta property=\"og:type\" content=\"article\" \/>\n<meta property=\"og:title\" content=\"Charity: die Obolevicius Stiftung - Benjamin Wittstock\" \/>\n<meta property=\"og:description\" content=\"Seit 2013 ist Honorarkonsul a.D. Benjamin Wittstock Pr\u00e4sident der Obolevicius-Stiftung. Internet: http:\/\/obolevicius-stiftung.de Engagement Im Oktober 2015 erwarb die Stiftung nach mehreren Gespr\u00e4chen mit der Caritas des kath. Erzbistums Vilnius, dem Erzbischof von Vilnius Gintaras Gru\u0161as und Besuchen in der Region&hellip;\" \/>\n<meta property=\"og:url\" content=\"https:\/\/honorarkonsul-litauen.de\/?page_id=456\" \/>\n<meta property=\"og:site_name\" content=\"Benjamin Wittstock\" \/>\n<meta property=\"article:modified_time\" content=\"2023-09-21T20:59:16+00:00\" \/>\n<meta name=\"twitter:card\" content=\"summary_large_image\" \/>\n<meta name=\"twitter:label1\" content=\"Gesch\u00e4tzte Lesezeit\" \/>\n\t<meta name=\"twitter:data1\" content=\"2\u00a0Minuten\" \/>\n<script type=\"application\/ld+json\" class=\"yoast-schema-graph\">{\"@context\":\"https:\/\/schema.org\",\"@graph\":[{\"@type\":\"WebPage\",\"@id\":\"https:\/\/honorarkonsul-litauen.de\/?page_id=456\",\"url\":\"https:\/\/honorarkonsul-litauen.de\/?page_id=456\",\"name\":\"Charity: die Obolevicius Stiftung - Benjamin Wittstock\",\"isPartOf\":{\"@id\":\"https:\/\/honorarkonsul-litauen.de\/#website\"},\"datePublished\":\"2019-03-28T15:18:50+00:00\",\"dateModified\":\"2023-09-21T20:59:16+00:00\",\"breadcrumb\":{\"@id\":\"https:\/\/honorarkonsul-litauen.de\/?page_id=456#breadcrumb\"},\"inLanguage\":\"de\",\"potentialAction\":[{\"@type\":\"ReadAction\",\"target\":[\"https:\/\/honorarkonsul-litauen.de\/?page_id=456\"]}]},{\"@type\":\"BreadcrumbList\",\"@id\":\"https:\/\/honorarkonsul-litauen.de\/?page_id=456#breadcrumb\",\"itemListElement\":[{\"@type\":\"ListItem\",\"position\":1,\"name\":\"Startseite\",\"item\":\"https:\/\/honorarkonsul-litauen.de\/\"},{\"@type\":\"ListItem\",\"position\":2,\"name\":\"Charity: die Obolevicius Stiftung\"}]},{\"@type\":\"WebSite\",\"@id\":\"https:\/\/honorarkonsul-litauen.de\/#website\",\"url\":\"https:\/\/honorarkonsul-litauen.de\/\",\"name\":\"Benjamin Wittstock\",\"description\":\"Honorarkonsul von Litauen a.D.\",\"potentialAction\":[{\"@type\":\"SearchAction\",\"target\":{\"@type\":\"EntryPoint\",\"urlTemplate\":\"https:\/\/honorarkonsul-litauen.de\/?s={search_term_string}\"},\"query-input\":\"required name=search_term_string\"}],\"inLanguage\":\"de\"}]}<\/script>\n<!-- \/ Yoast SEO plugin. -->","yoast_head_json":{"title":"Charity: die Obolevicius Stiftung - Benjamin Wittstock","robots":{"index":"index","follow":"follow","max-snippet":"max-snippet:-1","max-image-preview":"max-image-preview:large","max-video-preview":"max-video-preview:-1"},"canonical":"https:\/\/honorarkonsul-litauen.de\/?page_id=456","og_locale":"de_DE","og_type":"article","og_title":"Charity: die Obolevicius Stiftung - Benjamin Wittstock","og_description":"Seit 2013 ist Honorarkonsul a.D. Benjamin Wittstock Pr\u00e4sident der Obolevicius-Stiftung. Internet: http:\/\/obolevicius-stiftung.de Engagement Im Oktober 2015 erwarb die Stiftung nach mehreren Gespr\u00e4chen mit der Caritas des kath. Erzbistums Vilnius, dem Erzbischof von Vilnius Gintaras Gru\u0161as und Besuchen in der Region&hellip;","og_url":"https:\/\/honorarkonsul-litauen.de\/?page_id=456","og_site_name":"Benjamin Wittstock","article_modified_time":"2023-09-21T20:59:16+00:00","twitter_card":"summary_large_image","twitter_misc":{"Gesch\u00e4tzte Lesezeit":"2\u00a0Minuten"},"schema":{"@context":"https:\/\/schema.org","@graph":[{"@type":"WebPage","@id":"https:\/\/honorarkonsul-litauen.de\/?page_id=456","url":"https:\/\/honorarkonsul-litauen.de\/?page_id=456","name":"Charity: die Obolevicius Stiftung - Benjamin Wittstock","isPartOf":{"@id":"https:\/\/honorarkonsul-litauen.de\/#website"},"datePublished":"2019-03-28T15:18:50+00:00","dateModified":"2023-09-21T20:59:16+00:00","breadcrumb":{"@id":"https:\/\/honorarkonsul-litauen.de\/?page_id=456#breadcrumb"},"inLanguage":"de","potentialAction":[{"@type":"ReadAction","target":["https:\/\/honorarkonsul-litauen.de\/?page_id=456"]}]},{"@type":"BreadcrumbList","@id":"https:\/\/honorarkonsul-litauen.de\/?page_id=456#breadcrumb","itemListElement":[{"@type":"ListItem","position":1,"name":"Startseite","item":"https:\/\/honorarkonsul-litauen.de\/"},{"@type":"ListItem","position":2,"name":"Charity: die Obolevicius Stiftung"}]},{"@type":"WebSite","@id":"https:\/\/honorarkonsul-litauen.de\/#website","url":"https:\/\/honorarkonsul-litauen.de\/","name":"Benjamin Wittstock","description":"Honorarkonsul von Litauen a.D.","potentialAction":[{"@type":"SearchAction","target":{"@type":"EntryPoint","urlTemplate":"https:\/\/honorarkonsul-litauen.de\/?s={search_term_string}"},"query-input":"required name=search_term_string"}],"inLanguage":"de"}]}},"_links":{"self":[{"href":"https:\/\/honorarkonsul-litauen.de\/index.php?rest_route=\/wp\/v2\/pages\/456"}],"collection":[{"href":"https:\/\/honorarkonsul-litauen.de\/index.php?rest_route=\/wp\/v2\/pages"}],"about":[{"href":"https:\/\/honorarkonsul-litauen.de\/index.php?rest_route=\/wp\/v2\/types\/page"}],"author":[{"embeddable":true,"href":"https:\/\/honorarkonsul-litauen.de\/index.php?rest_route=\/wp\/v2\/users\/1"}],"replies":[{"embeddable":true,"href":"https:\/\/honorarkonsul-litauen.de\/index.php?rest_route=%2Fwp%2Fv2%2Fcomments&post=456"}],"version-history":[{"count":8,"href":"https:\/\/honorarkonsul-litauen.de\/index.php?rest_route=\/wp\/v2\/pages\/456\/revisions"}],"predecessor-version":[{"id":1005,"href":"https:\/\/honorarkonsul-litauen.de\/index.php?rest_route=\/wp\/v2\/pages\/456\/revisions\/1005"}],"wp:attachment":[{"href":"https:\/\/honorarkonsul-litauen.de\/index.php?rest_route=%2Fwp%2Fv2%2Fmedia&parent=456"}],"curies":[{"name":"wp","href":"https:\/\/api.w.org\/{rel}","templated":true}]}}